{"id":3344,"date":"2021-05-17T14:55:11","date_gmt":"2021-05-17T18:55:11","guid":{"rendered":"https:\/\/aubergemandala.com\/rates\/"},"modified":"2025-12-12T11:30:06","modified_gmt":"2025-12-12T16:30:06","slug":"rates","status":"publish","type":"page","link":"https:\/\/aubergemandala.com\/en\/rates\/","title":{"rendered":"Rates"},"content":{"rendered":"<p>[et_pb_section fb_built=&#8221;1&#8243; custom_padding_last_edited=&#8221;on|desktop&#8221; admin_label=&#8221;Tarifs&#8221; _builder_version=&#8221;4.21.0&#8243; _module_preset=&#8221;default&#8221; use_background_color_gradient=&#8221;on&#8221; background_color_gradient_direction=&#8221;90deg&#8221; background_color_gradient_stops=&#8221;rgba(0,0,0,0.65) 25%|rgba(84,84,84,0) 100%&#8221; background_color_gradient_overlays_image=&#8221;on&#8221; background_color_gradient_start=&#8221;rgba(0,0,0,0.65)&#8221; background_color_gradient_start_position=&#8221;25%&#8221; background_color_gradient_end=&#8221;rgba(84,84,84,0)&#8221; background_image=&#8221;https:\/\/aubergemandala.com\/wp-content\/uploads\/2021\/05\/header-tarifs.jpg&#8221; custom_padding=&#8221;115px||115px||true|false&#8221; custom_padding_tablet=&#8221;85px||85px||true|false&#8221; custom_padding_phone=&#8221;35px||30px||false|false&#8221; global_colors_info=&#8221;{}&#8221;][et_pb_row admin_label=&#8221;Header&#8221; _builder_version=&#8221;4.17.4&#8243; _module_preset=&#8221;default&#8221; animation_style=&#8221;slide&#8221; animation_direction=&#8221;left&#8221; global_colors_info=&#8221;{}&#8221;][et_pb_column type=&#8221;4_4&#8243; _builder_version=&#8221;4.16&#8243; _module_preset=&#8221;default&#8221; global_colors_info=&#8221;{}&#8221;][et_pb_text admin_label=&#8221;Tarifs&#8221; _builder_version=&#8221;4.17.4&#8243; _module_preset=&#8221;default&#8221; header_2_font=&#8221;|700||on|||||&#8221; header_2_text_color=&#8221;#FFFFFF&#8221; header_2_font_size=&#8221;55px&#8221; header_2_line_height=&#8221;1.3em&#8221; header_2_font_size_tablet=&#8221;45px&#8221; header_2_font_size_phone=&#8221;35px&#8221; header_2_font_size_last_edited=&#8221;on|desktop&#8221; global_colors_info=&#8221;{}&#8221;]<\/p>\n<h2>Rates<\/h2>\n<p>[\/et_pb_text][\/et_pb_column][\/et_pb_row][\/et_pb_section][et_pb_section fb_built=&#8221;1&#8243; admin_label=&#8221;Tarifs G\u00eetes &#038; Chalets 2023&#8243; _builder_version=&#8221;4.17.4&#8243; _module_preset=&#8221;default&#8221; global_colors_info=&#8221;{}&#8221;][et_pb_row admin_label=&#8221;G\u00eetes &#038; Chalets 2023 rates&#8221; _builder_version=&#8221;4.16&#8243; _module_preset=&#8221;default&#8221; custom_margin=&#8221;0px||||false|false&#8221; custom_margin_tablet=&#8221;&#8221; custom_margin_phone=&#8221;||0px||false|false&#8221; custom_margin_last_edited=&#8221;on|phone&#8221; custom_padding=&#8221;0px||0px||false|false&#8221; animation_style=&#8221;slide&#8221; animation_direction=&#8221;left&#8221; global_colors_info=&#8221;{}&#8221;][et_pb_column type=&#8221;4_4&#8243; _builder_version=&#8221;4.16&#8243; _module_preset=&#8221;default&#8221; global_colors_info=&#8221;{}&#8221;][et_pb_text admin_label=&#8221;Tarifs G\u00eetes &#038; Chalets 2023&#8243; _builder_version=&#8221;4.20.4&#8243; _module_preset=&#8221;default&#8221; header_2_font=&#8221;|700||on|||||&#8221; header_2_text_color=&#8221;#2F2F2F&#8221; header_2_font_size=&#8221;40px&#8221; header_2_line_height=&#8221;1.3em&#8221; custom_margin=&#8221;||0px||false|false&#8221; custom_padding=&#8221;||0px||false|false&#8221; header_2_font_size_tablet=&#8221;&#8221; header_2_font_size_phone=&#8221;25px&#8221; header_2_font_size_last_edited=&#8221;on|desktop&#8221; global_colors_info=&#8221;{}&#8221;]<\/p>\n<h2>Accommodation rates ($ cad)<\/h2>\n<p>[\/et_pb_text][et_pb_divider color=&#8221;#707070&#8243; _builder_version=&#8221;4.16&#8243; _module_preset=&#8221;default&#8221; width=&#8221;60%&#8221; custom_margin=&#8221;||15px||false|false&#8221; global_colors_info=&#8221;{}&#8221;][\/et_pb_divider][et_pb_text admin_label=&#8221;G\u00ceTE B&#038;B&#8221; module_id=&#8221;gite&#8221; _builder_version=&#8221;4.21.0&#8243; _module_preset=&#8221;default&#8221; header_2_font=&#8221;|700||on|||||&#8221; header_2_text_color=&#8221;#2F2F2F&#8221; header_2_font_size=&#8221;40px&#8221; header_2_line_height=&#8221;1.3em&#8221; header_3_font=&#8221;|700|||||||&#8221; header_3_text_color=&#8221;#2F2F2F&#8221; header_3_font_size=&#8221;32px&#8221; header_3_line_height=&#8221;1.3em&#8221; custom_margin=&#8221;||0px||false|false&#8221; custom_padding=&#8221;||0px||false|false&#8221; header_2_font_size_tablet=&#8221;&#8221; header_2_font_size_phone=&#8221;25px&#8221; header_2_font_size_last_edited=&#8221;on|desktop&#8221; header_3_font_size_tablet=&#8221;&#8221; header_3_font_size_phone=&#8221;20px&#8221; header_3_font_size_last_edited=&#8221;on|desktop&#8221; global_colors_info=&#8221;{}&#8221;]<\/p>\n<h2>ROOMS<\/h2>\n<p>[\/et_pb_text][et_pb_text admin_label=&#8221;<b>115$\/nuit\u00e9e<\/b> () <b>100$\/nuit\u00e9e<\/b> (pour 2 nuits ou plus)  par chambre pour <b>2 personnes. Taxe et petit-d\u00e9jeuner inclus. <\/b>  <b>35$ \/ nuit <\/b> par personne additionnelle (avec lit d\u2019appoint) enfant 6 mois et moins gratuit  Chambre avec lit simple pour 1 personne 85$ taxes et petit-dejeuner inclus.&#8221; _builder_version=&#8221;4.27.4&#8243; _module_preset=&#8221;default&#8221; text_text_color=&#8221;#2F2F2F&#8221; text_font_size=&#8221;18px&#8221; text_line_height=&#8221;1.3em&#8221; text_font_size_tablet=&#8221;&#8221; text_font_size_phone=&#8221;16px&#8221; text_font_size_last_edited=&#8221;on|desktop&#8221; global_colors_info=&#8221;{}&#8221;]<\/p>\n<p><b>150$\/night<\/b><\/p>\n<p>per room for <b>Sleeps 2. Taxes included. <\/b><\/p>\n<p><b style=\"font-size: 18px;\">Breakfast not included<\/b>, but available at Caf\u00e9 Bistro in the mornings from end-June to beginning-September.<\/p>\n<p><b>25$ \/ night <\/b> per additional person (possible in the Brunante room on futon bed)<br \/>free for a child 6 months and under<\/p>\n<p>[\/et_pb_text][et_pb_divider color=&#8221;#707070&#8243; _builder_version=&#8221;4.16&#8243; _module_preset=&#8221;default&#8221; width=&#8221;60%&#8221; custom_margin=&#8221;||15px||false|false&#8221; global_colors_info=&#8221;{}&#8221;][\/et_pb_divider][et_pb_text admin_label=&#8221;CHALET LAC BELLEMARE&#8221; module_id=&#8221;bellemare&#8221; _builder_version=&#8221;4.20.4&#8243; _module_preset=&#8221;default&#8221; header_2_font=&#8221;|700||on|||||&#8221; header_2_text_color=&#8221;#2F2F2F&#8221; header_2_font_size=&#8221;40px&#8221; header_2_line_height=&#8221;1.3em&#8221; custom_margin=&#8221;||0px||false|false&#8221; custom_padding=&#8221;||0px||false|false&#8221; header_2_font_size_tablet=&#8221;&#8221; header_2_font_size_phone=&#8221;25px&#8221; header_2_font_size_last_edited=&#8221;on|desktop&#8221; global_colors_info=&#8221;{}&#8221;]<\/p>\n<h2>LAC BELLEMARE COTTAGE<\/h2>\n<p>[\/et_pb_text][et_pb_text admin_label=&#8221;<b>180$ <\/b>\/ nuit\u00e9e pour 2 personnes 25$ \/ pers additionnelle (jusqu\u2019\u00e0 5 pers max au total)  s\u00e9jour de <b>2 nuits<\/b> minimum en Juillet et Ao\u00fbt Longue dur\u00e9e \u2013 <b>800$ \/semaine<\/b>&#8221; _builder_version=&#8221;4.17.4&#8243; _module_preset=&#8221;default&#8221; text_text_color=&#8221;#2F2F2F&#8221; text_font_size=&#8221;18px&#8221; text_line_height=&#8221;1.3em&#8221; text_font_size_tablet=&#8221;&#8221; text_font_size_phone=&#8221;16px&#8221; text_font_size_last_edited=&#8221;on|desktop&#8221; global_colors_info=&#8221;{}&#8221;]<\/p>\n<p><b>260$ <\/b>\/ night for 2 people. <strong>Taxes included.<\/strong><br \/>$25 \/ additional pers (up to 5 pers max total)<\/p>\n<p><b>2-night<\/b> minimum stay in<\/p>\n<p>* Dogs accepted in private cottages for a fee of <b>$20\/dog<\/b> per stay.<\/p>\n<p>* Arrival time from <b>5pm \/ 5pm<\/b> and departure time until <b>11am<\/b> for all our accommodations.<\/p>\n<p>* Cancellation free of charge up to 2 weeks before the start of your stay. Otherwise, you will be charged the full amount of your stay.<\/p>\n<p>[\/et_pb_text][et_pb_divider color=&#8221;#707070&#8243; _builder_version=&#8221;4.16&#8243; _module_preset=&#8221;default&#8221; width=&#8221;60%&#8221; custom_margin=&#8221;||15px||false|false&#8221; global_colors_info=&#8221;{}&#8221;][\/et_pb_divider][et_pb_text admin_label=&#8221;AUBERGE MANDALA&#8221; module_id=&#8221;auberge&#8221; _builder_version=&#8221;4.16&#8243; _module_preset=&#8221;default&#8221; header_2_font=&#8221;|700||on|||||&#8221; header_2_text_color=&#8221;#2F2F2F&#8221; header_2_font_size=&#8221;40px&#8221; header_2_line_height=&#8221;1.3em&#8221; custom_margin=&#8221;||0px||false|false&#8221; custom_padding=&#8221;||0px||false|false&#8221; header_2_font_size_tablet=&#8221;&#8221; header_2_font_size_phone=&#8221;25px&#8221; header_2_font_size_last_edited=&#8221;on|desktop&#8221; global_colors_info=&#8221;{}&#8221;]<\/p>\n<h2>MANDALA hostel<\/h2>\n<p>[\/et_pb_text][et_pb_text admin_label=&#8221;<b>Lit en dortoir :<\/b> <b>50$<\/b> \/ nuit\u00e9e par personne Inclus taxe, petit-d\u00e9jeuner, acc\u00e8s \u00e0 toutes les aires communes, \u00e0 la piscine, spa, sauna, foyer ext\u00e9rieur, terrasse ensoleill\u00e9e. &#8221; _builder_version=&#8221;4.21.0&#8243; _module_preset=&#8221;default&#8221; text_text_color=&#8221;#2F2F2F&#8221; text_font_size=&#8221;18px&#8221; text_line_height=&#8221;1.3em&#8221; text_font_size_tablet=&#8221;&#8221; text_font_size_phone=&#8221;16px&#8221; text_font_size_last_edited=&#8221;on|desktop&#8221; global_colors_info=&#8221;{}&#8221;]<\/p>\n<p><b><\/b><\/p>\n<p><b>Mixed Dormitory bed (SOL room)<\/b><br \/><b>70$<\/b>\u00a0\/ night per person.<\/p>\n<p><b>King-size private room (LUNA room)<\/b><br \/><b>150$\/night<\/b> for 2 people ($135\/night for 1 person)<\/p>\n<p><b>Private room with 2 single beds (TERRA room)<\/b><br \/><b>150$\/night<\/b> for 2 people ($135\/night for 1 person)<\/p>\n<p><b>Fully-equipped Logement Mandala accommodation (2 bedrooms)<\/b><br \/><b>$300<\/b>\u00a0\/ night for 2 people. <strong>25$<\/strong> \/ night for each additional person, up to a maximum of 6 people.<\/p>\n<p><span style=\"text-decoration: underline;\"><strong>All prices include taxes.<\/strong><\/span><\/p>\n<p><strong>Breakfast not included<\/strong>, but Caf\u00e9 Bistro offers breakfast in the morning from end-June to beginning-September.<\/p>\n<p>Includes access to all common areas, pool, spa, sauna, outdoor fireplace, mini-golf, sun terrace, large grounds, etc. In summer, there are 3 restaurants directly on site, open every day and evening. In winter, the Bar de l&#8217;H\u00f4te Bord is inside the Inn, offering specialized meals and cocktails.<\/p>\n<p>&nbsp;<\/p>\n<p>[\/et_pb_text][et_pb_divider color=&#8221;#707070&#8243; _builder_version=&#8221;4.16&#8243; _module_preset=&#8221;default&#8221; width=&#8221;60%&#8221; custom_margin=&#8221;||15px||false|false&#8221; global_colors_info=&#8221;{}&#8221;][\/et_pb_divider][\/et_pb_column][\/et_pb_row][\/et_pb_section][et_pb_section fb_built=&#8221;1&#8243; custom_padding_last_edited=&#8221;on|desktop&#8221; admin_label=&#8221;Notre \u00e9quipe est disponible et pr\u00e9sente pour vous&#8221; module_class=&#8221;section-notre-equipe&#8221; _builder_version=&#8221;4.16&#8243; _module_preset=&#8221;default&#8221; background_enable_color=&#8221;off&#8221; use_background_color_gradient=&#8221;on&#8221; background_color_gradient_stops=&#8221;rgba(0,0,0,0.65) 0%|rgba(0,0,0,0.65) 100%&#8221; background_color_gradient_overlays_image=&#8221;on&#8221; background_color_gradient_start=&#8221;rgba(0,0,0,0.65)&#8221; background_color_gradient_end=&#8221;rgba(0,0,0,0.65)&#8221; background_image=&#8221;https:\/\/aubergemandala.com\/wp-content\/uploads\/2021\/05\/background-notre-equipe-est-disponible.jpg&#8221; custom_padding=&#8221;75px||75px||true|false&#8221; custom_padding_tablet=&#8221;60px||60px||true|false&#8221; custom_padding_phone=&#8221;30px||30px||true|false&#8221; animation_style=&#8221;slide&#8221; animation_direction=&#8221;bottom&#8221; background_color_gradient_stops_tablet=&#8221;rgba(0,0,0,0.65) 0%|rgba(0,0,0,0.65) 100%&#8221; background_color_gradient_stops_phone=&#8221;rgba(0,0,0,0.65) 0%|rgba(0,0,0,0.65) 100%&#8221; box_shadow_style=&#8221;preset1&#8243; saved_tabs=&#8221;all&#8221; global_colors_info=&#8221;{}&#8221;][et_pb_row admin_label=&#8221;Our team is available and present for you&#8221; module_class=&#8221;row-notre-equipe&#8221; _builder_version=&#8221;4.16&#8243; _module_preset=&#8221;default&#8221; global_colors_info=&#8221;{}&#8221;][et_pb_column type=&#8221;4_4&#8243; _builder_version=&#8221;4.16&#8243; _module_preset=&#8221;default&#8221; global_colors_info=&#8221;{}&#8221;][et_pb_text admin_label=&#8221;Notre \u00e9quipe est disponible et pr\u00e9sente pour vous&#8221; _builder_version=&#8221;4.16&#8243; _module_preset=&#8221;default&#8221; text_font=&#8221;|700|||||||&#8221; text_text_color=&#8221;#3FB93A&#8221; text_font_size=&#8221;32px&#8221; text_line_height=&#8221;1.3em&#8221; text_orientation=&#8221;right&#8221; custom_margin=&#8221;||5px||false|false&#8221; text_font_size_tablet=&#8221;25px&#8221; text_font_size_phone=&#8221;18px&#8221; text_font_size_last_edited=&#8221;on|desktop&#8221; global_colors_info=&#8221;{}&#8221;]<\/p>\n<p>Our team is available and present for you,<\/p>\n<p>[\/et_pb_text][et_pb_text admin_label=&#8221;Nous r\u00e9pondrons rapidement \u00e0 vos questionnements et demandes de r\u00e9servations. Au plaisir de vous accueillir !&#8221; _builder_version=&#8221;4.16&#8243; _module_preset=&#8221;default&#8221; text_font=&#8221;||||||||&#8221; text_text_color=&#8221;#FFFFFF&#8221; text_font_size=&#8221;22px&#8221; text_line_height=&#8221;1.3em&#8221; text_orientation=&#8221;right&#8221; width_last_edited=&#8221;off|desktop&#8221; text_font_size_tablet=&#8221;18px&#8221; text_font_size_phone=&#8221;16px&#8221; text_font_size_last_edited=&#8221;on|desktop&#8221; global_colors_info=&#8221;{}&#8221;]we will quickly respond to your questions and reservation<br \/>requests. We look forward to welcoming you![\/et_pb_text][et_pb_text _builder_version=&#8221;4.21.0&#8243; _module_preset=&#8221;default&#8221; link_font=&#8221;|700|||||||&#8221; link_font_size=&#8221;18px&#8221; global_colors_info=&#8221;{}&#8221;]<\/p>\n<div class=\"bouton-flexend\">\n<div class=\"iconBlanc bellicon\">\n<p class=\"boutonwithIcon\"><a class=\"bouton-bascule bouton-un\" href=\"https:\/\/new-booking.frontdeskmaster.com\/?hostelId=4a7i1Prht5beusqmn3yiwHKj7uJqyK%2FB\">  Book Your Stay  <\/a><\/p>\n<\/div>\n<div class=\"iconBlanc bellicon iconMobileflex\">\n<p class=\"boutonwithIcon\"><a class=\"bouton-bascule bouton-un bouton-mobileflex\" href=\"https:\/\/aubergemandala.com\/en\/contact-us\/\"> Request Information<\/a><\/p>\n<\/div>\n<\/div>\n<p>[\/et_pb_text][\/et_pb_column][\/et_pb_row][\/et_pb_section]<\/p>\n","protected":false},"excerpt":{"rendered":"<p>RatesAccommodation rates ($ cad)ROOMS150$\/night per room for Sleeps 2. Taxes included. Breakfast not included, but available at Caf\u00e9 Bistro in the mornings from end-June to beginning-September. 25$ \/ night per additional person (possible in the Brunante room on futon bed)free for a child 6 months and underLAC BELLEMARE COTTAGE260$ \/ night for 2 people. Taxes [&hellip;]<\/p>\n","protected":false},"author":1,"featured_media":2841,"parent":0,"menu_order":0,"comment_status":"closed","ping_status":"closed","template":"","meta":{"_et_pb_use_builder":"on","_et_pb_old_content":"","_et_gb_content_width":"","_monsterinsights_skip_tracking":false,"_monsterinsights_sitenote_active":false,"_monsterinsights_sitenote_note":"","_monsterinsights_sitenote_category":0,"footnotes":""},"dipi_cpt_category":[],"class_list":["post-3344","page","type-page","status-publish","has-post-thumbnail","hentry"],"yoast_head":"<!-- This site is optimized with the Yoast SEO plugin v27.6 - https:\/\/yoast.com\/product\/yoast-seo-wordpress\/ -->\n<title>RATES || Gite, Chambres, Chalet : St-Mathieu du parc<\/title>\n<meta name=\"description\" content=\"Discover all the prices of our gites and chalets.\" \/>\n<meta name=\"robots\" content=\"index, follow, max-snippet:-1, max-image-preview:large, max-video-preview:-1\" \/>\n<link rel=\"canonical\" href=\"https:\/\/aubergemandala.com\/en\/rates\/\" \/>\n<meta property=\"og:locale\" content=\"en_US\" \/>\n<meta property=\"og:type\" content=\"article\" \/>\n<meta property=\"og:title\" content=\"RATES || Gite, Chambres, Chalet : St-Mathieu du parc\" \/>\n<meta property=\"og:description\" content=\"Discover all the prices of our gites and chalets.\" \/>\n<meta property=\"og:url\" content=\"https:\/\/aubergemandala.com\/en\/rates\/\" \/>\n<meta property=\"og:site_name\" content=\"G\u00eete - Chambres - Chalet St-Mathieu-du-Parc\" \/>\n<meta property=\"article:modified_time\" content=\"2025-12-12T16:30:06+00:00\" \/>\n<meta property=\"og:image\" content=\"https:\/\/aubergemandala.com\/wp-content\/uploads\/2021\/05\/IMG_0068.jpg\" \/>\n<meta name=\"twitter:card\" content=\"summary_large_image\" \/>\n<meta name=\"twitter:title\" content=\"RATES || Gite, Chambres, Chalet : St-Mathieu du parc\" \/>\n<meta name=\"twitter:description\" content=\"Discover all the prices of our gites and chalets.\" \/>\n<meta name=\"twitter:image\" content=\"https:\/\/aubergemandala.com\/wp-content\/uploads\/2021\/05\/IMG_0068.jpg\" \/>\n<meta name=\"twitter:label1\" content=\"Est. reading time\" \/>\n\t<meta name=\"twitter:data1\" content=\"2 minutes\" \/>\n<script type=\"application\/ld+json\" class=\"yoast-schema-graph\">{\"@context\":\"https:\\\/\\\/schema.org\",\"@graph\":[{\"@type\":\"WebPage\",\"@id\":\"https:\\\/\\\/aubergemandala.com\\\/en\\\/rates\\\/\",\"url\":\"https:\\\/\\\/aubergemandala.com\\\/en\\\/rates\\\/\",\"name\":\"RATES || Gite, Chambres, Chalet : St-Mathieu du parc\",\"isPartOf\":{\"@id\":\"https:\\\/\\\/aubergemandala.com\\\/en\\\/#website\"},\"primaryImageOfPage\":{\"@id\":\"https:\\\/\\\/aubergemandala.com\\\/en\\\/rates\\\/#primaryimage\"},\"image\":{\"@id\":\"https:\\\/\\\/aubergemandala.com\\\/en\\\/rates\\\/#primaryimage\"},\"thumbnailUrl\":\"https:\\\/\\\/aubergemandala.com\\\/wp-content\\\/uploads\\\/2021\\\/05\\\/IMG_0068.jpg\",\"datePublished\":\"2021-05-17T18:55:11+00:00\",\"dateModified\":\"2025-12-12T16:30:06+00:00\",\"description\":\"Discover all the prices of our gites and chalets.\",\"breadcrumb\":{\"@id\":\"https:\\\/\\\/aubergemandala.com\\\/en\\\/rates\\\/#breadcrumb\"},\"inLanguage\":\"en-US\",\"potentialAction\":[{\"@type\":\"ReadAction\",\"target\":[\"https:\\\/\\\/aubergemandala.com\\\/en\\\/rates\\\/\"]}]},{\"@type\":\"ImageObject\",\"inLanguage\":\"en-US\",\"@id\":\"https:\\\/\\\/aubergemandala.com\\\/en\\\/rates\\\/#primaryimage\",\"url\":\"https:\\\/\\\/aubergemandala.com\\\/wp-content\\\/uploads\\\/2021\\\/05\\\/IMG_0068.jpg\",\"contentUrl\":\"https:\\\/\\\/aubergemandala.com\\\/wp-content\\\/uploads\\\/2021\\\/05\\\/IMG_0068.jpg\",\"width\":1024,\"height\":683},{\"@type\":\"BreadcrumbList\",\"@id\":\"https:\\\/\\\/aubergemandala.com\\\/en\\\/rates\\\/#breadcrumb\",\"itemListElement\":[{\"@type\":\"ListItem\",\"position\":1,\"name\":\"Accueil\",\"item\":\"https:\\\/\\\/aubergemandala.com\\\/en\\\/\"},{\"@type\":\"ListItem\",\"position\":2,\"name\":\"Rates\"}]},{\"@type\":\"WebSite\",\"@id\":\"https:\\\/\\\/aubergemandala.com\\\/en\\\/#website\",\"url\":\"https:\\\/\\\/aubergemandala.com\\\/en\\\/\",\"name\":\"G\u00eete - Chambres - Chalet St-Mathieu-du-Parc\",\"description\":\"H\u00e9bergements pour tous les go\u00fbts\",\"potentialAction\":[{\"@type\":\"SearchAction\",\"target\":{\"@type\":\"EntryPoint\",\"urlTemplate\":\"https:\\\/\\\/aubergemandala.com\\\/en\\\/?s={search_term_string}\"},\"query-input\":{\"@type\":\"PropertyValueSpecification\",\"valueRequired\":true,\"valueName\":\"search_term_string\"}}],\"inLanguage\":\"en-US\"}]}<\/script>\n<!-- \/ Yoast SEO plugin. -->","yoast_head_json":{"title":"RATES || Gite, Chambres, Chalet : St-Mathieu du parc","description":"Discover all the prices of our gites and chalets.","robots":{"index":"index","follow":"follow","max-snippet":"max-snippet:-1","max-image-preview":"max-image-preview:large","max-video-preview":"max-video-preview:-1"},"canonical":"https:\/\/aubergemandala.com\/en\/rates\/","og_locale":"en_US","og_type":"article","og_title":"RATES || Gite, Chambres, Chalet : St-Mathieu du parc","og_description":"Discover all the prices of our gites and chalets.","og_url":"https:\/\/aubergemandala.com\/en\/rates\/","og_site_name":"G\u00eete - Chambres - Chalet St-Mathieu-du-Parc","article_modified_time":"2025-12-12T16:30:06+00:00","og_image":[{"url":"https:\/\/aubergemandala.com\/wp-content\/uploads\/2021\/05\/IMG_0068.jpg","type":"","width":"","height":""}],"twitter_card":"summary_large_image","twitter_title":"RATES || Gite, Chambres, Chalet : St-Mathieu du parc","twitter_description":"Discover all the prices of our gites and chalets.","twitter_image":"https:\/\/aubergemandala.com\/wp-content\/uploads\/2021\/05\/IMG_0068.jpg","twitter_misc":{"Est. reading time":"2 minutes"},"schema":{"@context":"https:\/\/schema.org","@graph":[{"@type":"WebPage","@id":"https:\/\/aubergemandala.com\/en\/rates\/","url":"https:\/\/aubergemandala.com\/en\/rates\/","name":"RATES || Gite, Chambres, Chalet : St-Mathieu du parc","isPartOf":{"@id":"https:\/\/aubergemandala.com\/en\/#website"},"primaryImageOfPage":{"@id":"https:\/\/aubergemandala.com\/en\/rates\/#primaryimage"},"image":{"@id":"https:\/\/aubergemandala.com\/en\/rates\/#primaryimage"},"thumbnailUrl":"https:\/\/aubergemandala.com\/wp-content\/uploads\/2021\/05\/IMG_0068.jpg","datePublished":"2021-05-17T18:55:11+00:00","dateModified":"2025-12-12T16:30:06+00:00","description":"Discover all the prices of our gites and chalets.","breadcrumb":{"@id":"https:\/\/aubergemandala.com\/en\/rates\/#breadcrumb"},"inLanguage":"en-US","potentialAction":[{"@type":"ReadAction","target":["https:\/\/aubergemandala.com\/en\/rates\/"]}]},{"@type":"ImageObject","inLanguage":"en-US","@id":"https:\/\/aubergemandala.com\/en\/rates\/#primaryimage","url":"https:\/\/aubergemandala.com\/wp-content\/uploads\/2021\/05\/IMG_0068.jpg","contentUrl":"https:\/\/aubergemandala.com\/wp-content\/uploads\/2021\/05\/IMG_0068.jpg","width":1024,"height":683},{"@type":"BreadcrumbList","@id":"https:\/\/aubergemandala.com\/en\/rates\/#breadcrumb","itemListElement":[{"@type":"ListItem","position":1,"name":"Accueil","item":"https:\/\/aubergemandala.com\/en\/"},{"@type":"ListItem","position":2,"name":"Rates"}]},{"@type":"WebSite","@id":"https:\/\/aubergemandala.com\/en\/#website","url":"https:\/\/aubergemandala.com\/en\/","name":"G\u00eete - Chambres - Chalet St-Mathieu-du-Parc","description":"H\u00e9bergements pour tous les go\u00fbts","potentialAction":[{"@type":"SearchAction","target":{"@type":"EntryPoint","urlTemplate":"https:\/\/aubergemandala.com\/en\/?s={search_term_string}"},"query-input":{"@type":"PropertyValueSpecification","valueRequired":true,"valueName":"search_term_string"}}],"inLanguage":"en-US"}]}},"_links":{"self":[{"href":"https:\/\/aubergemandala.com\/en\/wp-json\/wp\/v2\/pages\/3344","targetHints":{"allow":["GET"]}}],"collection":[{"href":"https:\/\/aubergemandala.com\/en\/wp-json\/wp\/v2\/pages"}],"about":[{"href":"https:\/\/aubergemandala.com\/en\/wp-json\/wp\/v2\/types\/page"}],"author":[{"embeddable":true,"href":"https:\/\/aubergemandala.com\/en\/wp-json\/wp\/v2\/users\/1"}],"replies":[{"embeddable":true,"href":"https:\/\/aubergemandala.com\/en\/wp-json\/wp\/v2\/comments?post=3344"}],"version-history":[{"count":11,"href":"https:\/\/aubergemandala.com\/en\/wp-json\/wp\/v2\/pages\/3344\/revisions"}],"predecessor-version":[{"id":3857,"href":"https:\/\/aubergemandala.com\/en\/wp-json\/wp\/v2\/pages\/3344\/revisions\/3857"}],"wp:featuredmedia":[{"embeddable":true,"href":"https:\/\/aubergemandala.com\/en\/wp-json\/wp\/v2\/media\/2841"}],"wp:attachment":[{"href":"https:\/\/aubergemandala.com\/en\/wp-json\/wp\/v2\/media?parent=3344"}],"wp:term":[{"taxonomy":"dipi_cpt_category","embeddable":true,"href":"https:\/\/aubergemandala.com\/en\/wp-json\/wp\/v2\/dipi_cpt_category?post=3344"}],"curies":[{"name":"wp","href":"https:\/\/api.w.org\/{rel}","templated":true}]}}