{"id":3350,"date":"2021-05-17T14:55:21","date_gmt":"2021-05-17T18:55:21","guid":{"rendered":"https:\/\/aubergemandala.com\/photos\/"},"modified":"2026-02-10T12:13:41","modified_gmt":"2026-02-10T17:13:41","slug":"photos","status":"publish","type":"page","link":"https:\/\/aubergemandala.com\/en\/photos\/","title":{"rendered":"Photos"},"content":{"rendered":"<p>[et_pb_section fb_built=&#8221;1&#8243; custom_padding_last_edited=&#8221;on|desktop&#8221; admin_label=&#8221;Photos&#8221; _builder_version=&#8221;4.16&#8243; _module_preset=&#8221;default&#8221; background_color_gradient_direction=&#8221;90deg&#8221; background_image=&#8221;https:\/\/aubergemandala.com\/wp-content\/uploads\/2021\/05\/Headerphoto.jpg&#8221; custom_padding=&#8221;115px||115px||true|false&#8221; custom_padding_tablet=&#8221;85px||85px||true|false&#8221; custom_padding_phone=&#8221;65px||65px||true|false&#8221; global_colors_info=&#8221;{}&#8221;][et_pb_row admin_label=&#8221;Header&#8221; _builder_version=&#8221;4.16&#8243; _module_preset=&#8221;default&#8221; animation_style=&#8221;slide&#8221; animation_direction=&#8221;left&#8221; global_colors_info=&#8221;{}&#8221;][et_pb_column type=&#8221;4_4&#8243; _builder_version=&#8221;4.16&#8243; _module_preset=&#8221;default&#8221; global_colors_info=&#8221;{}&#8221;][et_pb_text admin_label=&#8221;Photos&#8221; _builder_version=&#8221;4.16&#8243; _module_preset=&#8221;default&#8221; header_2_font=&#8221;|700||on|||||&#8221; header_2_text_color=&#8221;#FFFFFF&#8221; header_2_font_size=&#8221;55px&#8221; header_2_line_height=&#8221;1.3em&#8221; header_2_font_size_tablet=&#8221;45px&#8221; header_2_font_size_phone=&#8221;35px&#8221; header_2_font_size_last_edited=&#8221;on|desktop&#8221; global_colors_info=&#8221;{}&#8221;]<\/p>\n<h2>photos<\/h2>\n<p>[\/et_pb_text][\/et_pb_column][\/et_pb_row][\/et_pb_section][et_pb_section fb_built=&#8221;1&#8243; admin_label=&#8221;Plug-in des photos&#8221; _builder_version=&#8221;4.16&#8243; _module_preset=&#8221;default&#8221; global_colors_info=&#8221;{}&#8221;][et_pb_row admin_label=&#8221;Photo plug-in&#8221; _builder_version=&#8221;4.16&#8243; _module_preset=&#8221;default&#8221; width=&#8221;100%&#8221; width_last_edited=&#8221;off|desktop&#8221; max_width=&#8221;100%&#8221; animation_style=&#8221;slide&#8221; animation_direction=&#8221;bottom&#8221; global_colors_info=&#8221;{}&#8221;][et_pb_column type=&#8221;4_4&#8243; _builder_version=&#8221;4.16&#8243; _module_preset=&#8221;default&#8221; global_colors_info=&#8221;{}&#8221;][dpdfg_filtergrid include_categories=&#8221;13,15,12,11,9,14,22,23,10&#8243; thumbnail_action=&#8221;lightbox&#8221; use_overlay=&#8221;off&#8221; show_title=&#8221;off&#8221; show_post_meta=&#8221;off&#8221; custom_content_container=&#8221;off&#8221; all_text=&#8221;All&#8221; pagination_type=&#8221;scroll&#8221; column_gutter=&#8221;0em&#8221; row_gutter=&#8221;0em&#8221; bg_filters=&#8221;#FFFFFF&#8221; bg_filter_active=&#8221;#969696&#8243; items_width_last_edited=&#8221;off|desktop&#8221; _builder_version=&#8221;4.27.4&#8243; _module_preset=&#8221;default&#8221; dpdfg_filters_font=&#8221;Raleway|700|||||||&#8221; dpdfg_filters_text_color=&#8221;#707070&#8243; dpdfg_filters_font_size=&#8221;16px&#8221; dpdfg_filters_active_font=&#8221;Raleway|700|||||||&#8221; dpdfg_filters_active_text_color=&#8221;#FFFFFF&#8221; dpdfg_filters_active_font_size=&#8221;16px&#8221; custom_action_button=&#8221;on&#8221; custom_css_dp-dfg-filters=&#8221;margin-bottom:40px;&#8221; custom_css_dp-dfg-filter=&#8221;border:1px solid #707070;&#8221; border_width_all=&#8221;0px&#8221; global_colors_info=&#8221;{}&#8221; action_button_text_size__hover_enabled=&#8221;off|desktop&#8221; dpdfg_filters_text_color__hover_enabled=&#8221;on|hover&#8221; dpdfg_filters_text_color__hover=&#8221;#FFFFFF&#8221; custom_css_dp-dfg-filters__hover_enabled=&#8221;off|hover&#8221; custom_css_dp-dfg-filter__hover_enabled=&#8221;on|hover&#8221; custom_css_dp-dfg-filter__hover=&#8221;background:#969696!important;&#8221;][\/dpdfg_filtergrid][\/et_pb_column][\/et_pb_row][\/et_pb_section]<\/p>\n","protected":false},"excerpt":{"rendered":"<p>photos<div class=\"et_pb_with_border et_pb_module dpdfg_filtergrid dpdfg_filtergrid_0\">\n\t\t\t\t\n\t\t\t\t\n\t\t\t\t\n\t\t\t\t\n\t\t\t\t\n\t\t\t\t\n\t\t\t\t<div class=\"et_pb_module_inner\">\n\t\t\t\t\t<!-- DPDFG Start Main Container --><div class=\"dp-dfg-container dp-dfg-layout-grid dp-dfg-skin-default\" data-active-filter=\"all\" data-page=\"1\" data-found-posts=\"326\" data-post-number=\"12\" data-default-filter=\"All\" data-link-filter=\"\" data-cache=\"off\" data-ratio=\"0.71\" data-show-thumb=\"on\" data-action=\"lightbox\" data-new-window=\"off\" data-multifilter=\"off|OR\" data-multilevel=\"off|AND|off\" data-doing-ajax=\"off\" data-module=\"dpdfg_filtergrid_0\" data-search =\"off\" data-search-position=\"above\" data-filters=\"on\" data-terms-tags=\"on\" data-pagination=\"on\"><div class=\"dp-dfg-filters dp-dfg-filters-buttons-layout\" data-layout=\"button\" data-orderby=\"id\" data-hierarchy-levels=\"off\"><ul class=\"dp-dfg-level dp-dfg-taxonomy-level-0 dp-dfg-taxonomy-all\" data-parent=\"0\" data-tax=\"all\" data-order=\"0\"><li class=\"dp-dfg-filter\" data-level=\"0\"><a class=\"dp-dfg-filter-link active all\" href=\"#\" data-term-id=\"all\" >All<\/a><\/li><li class=\"dp-dfg-filter\" data-level=\"0\"><a class=\"dp-dfg-filter-link youth-hostel\" href=\"#\" data-term-id=\"31\" >Youth hostel<\/a><\/li><li class=\"dp-dfg-filter\" data-level=\"0\"><a class=\"dp-dfg-filter-link host-bar-on-board\" href=\"#\" data-term-id=\"32\" >Host bar on board<\/a><\/li><li class=\"dp-dfg-filter\" data-level=\"0\"><a class=\"dp-dfg-filter-link village-bistro-cafe\" href=\"#\" data-term-id=\"33\" >Village Bistro Caf\u00e9<\/a><\/li><li class=\"dp-dfg-filter\" data-level=\"0\"><a class=\"dp-dfg-filter-link gite-village-bb\" href=\"#\" data-term-id=\"34\" >G\u00eete - Village B&amp;B<\/a><\/li><li class=\"dp-dfg-filter\" data-level=\"0\"><a class=\"dp-dfg-filter-link le-shack-en\" href=\"#\" data-term-id=\"36\" >Le Shack<\/a><\/li><li class=\"dp-dfg-filter\" data-level=\"0\"><a class=\"dp-dfg-filter-link the-main-chalet\" href=\"#\" data-term-id=\"37\" >The main chalet<\/a><\/li><li class=\"dp-dfg-filter\" data-level=\"0\"><a class=\"dp-dfg-filter-link pizzeria-toms-diner-en\" href=\"#\" data-term-id=\"39\" >Pizzeria Tom&#039;s Diner<\/a><\/li><li class=\"dp-dfg-filter\" data-level=\"0\"><a class=\"dp-dfg-filter-link snack-bar-en\" href=\"#\" data-term-id=\"40\" >Snack Bar<\/a><\/li><\/ul><\/div><!-- DPDFG End Filters Container --><div class=\"dp-dfg-items\"><article id=\"post-3356\" class=\"dp-dfg-item post-3356 post type-post status-publish format-standard has-post-thumbnail hentry category-pizzeria-toms-diner-en dp-dfg-term-id-39 \"     data-position=\"0\"   data-new-tab=\"off\" ><figure class=\"dp-dfg-image entry-thumb\"><a href=\"https:\/\/aubergemandala.com\/en\/pizzeria-toms-diner-38\/\" data-img=\"https:\/\/aubergemandala.com\/wp-content\/uploads\/2024\/03\/32912553-C9C1-4CC9-871D-551297191D9A-scaled.jpg\" data-title=\"Pizzeria Tom&#8217;s Diner\" class=\"dp-dfg-image-link entry-thumb-lightbox\"><img loading=\"lazy\" decoding=\"async\" src=\"https:\/\/aubergemandala.com\/wp-content\/uploads\/2024\/03\/32912553-C9C1-4CC9-871D-551297191D9A-400x284.jpg\" alt=\"Pizzeria Tom&#8217;s Diner\" width=\"400\" height=\"284\" data-ratio=\"0.71\"\/><\/a><\/figure><\/article><!-- DPDFG End Post Item Container --><article id=\"post-3357\" class=\"dp-dfg-item post-3357 post type-post status-publish format-standard has-post-thumbnail hentry category-pizzeria-toms-diner-en dp-dfg-term-id-39 \"     data-position=\"1\"   data-new-tab=\"off\" ><figure class=\"dp-dfg-image entry-thumb\"><a href=\"https:\/\/aubergemandala.com\/en\/pizzeria-toms-diner-37\/\" data-img=\"https:\/\/aubergemandala.com\/wp-content\/uploads\/2024\/03\/IMG_0008-scaled.jpg\" data-title=\"Pizzeria Tom&#8217;s Diner\" class=\"dp-dfg-image-link entry-thumb-lightbox\"><img loading=\"lazy\" decoding=\"async\" src=\"https:\/\/aubergemandala.com\/wp-content\/uploads\/2024\/03\/IMG_0008-400x284.jpg\" alt=\"Pizzeria Tom&#8217;s Diner\" width=\"400\" height=\"284\" data-ratio=\"0.71\"\/><\/a><\/figure><\/article><!-- DPDFG End Post Item Container --><article id=\"post-3358\" class=\"dp-dfg-item post-3358 post type-post status-publish format-standard has-post-thumbnail hentry category-pizzeria-toms-diner-en dp-dfg-term-id-39 \"     data-position=\"2\"   data-new-tab=\"off\" ><figure class=\"dp-dfg-image entry-thumb\"><a href=\"https:\/\/aubergemandala.com\/en\/pizzeria-toms-diner-36\/\" data-img=\"https:\/\/aubergemandala.com\/wp-content\/uploads\/2024\/03\/IMG_0126-scaled.jpg\" data-title=\"Pizzeria Tom&#8217;s Diner\" class=\"dp-dfg-image-link entry-thumb-lightbox\"><img loading=\"lazy\" decoding=\"async\" src=\"https:\/\/aubergemandala.com\/wp-content\/uploads\/2024\/03\/IMG_0126-400x284.jpg\" alt=\"Pizzeria Tom&#8217;s Diner\" width=\"400\" height=\"284\" data-ratio=\"0.71\"\/><\/a><\/figure><\/article><!-- DPDFG End Post Item Container --><article id=\"post-3360\" class=\"dp-dfg-item post-3360 post type-post status-publish format-standard has-post-thumbnail hentry category-pizzeria-toms-diner-en dp-dfg-term-id-39 \"     data-position=\"3\"   data-new-tab=\"off\" ><figure class=\"dp-dfg-image entry-thumb\"><a href=\"https:\/\/aubergemandala.com\/en\/pizzeria-toms-diner-35\/\" data-img=\"https:\/\/aubergemandala.com\/wp-content\/uploads\/2024\/03\/IMG_0133-scaled.jpg\" data-title=\"Pizzeria Tom&#8217;s Diner\" class=\"dp-dfg-image-link entry-thumb-lightbox\"><img loading=\"lazy\" decoding=\"async\" src=\"https:\/\/aubergemandala.com\/wp-content\/uploads\/2024\/03\/IMG_0133-400x284.jpg\" alt=\"Pizzeria Tom&#8217;s Diner\" width=\"400\" height=\"284\" data-ratio=\"0.71\"\/><\/a><\/figure><\/article><!-- DPDFG End Post Item Container --><article id=\"post-3361\" class=\"dp-dfg-item post-3361 post type-post status-publish format-standard has-post-thumbnail hentry category-pizzeria-toms-diner-en dp-dfg-term-id-39 \"     data-position=\"4\"   data-new-tab=\"off\" ><figure class=\"dp-dfg-image entry-thumb\"><a href=\"https:\/\/aubergemandala.com\/en\/pizzeria-toms-diner-34\/\" data-img=\"https:\/\/aubergemandala.com\/wp-content\/uploads\/2024\/03\/IMG_0424-scaled.jpg\" data-title=\"Pizzeria Tom&#8217;s Diner\" class=\"dp-dfg-image-link entry-thumb-lightbox\"><img loading=\"lazy\" decoding=\"async\" src=\"https:\/\/aubergemandala.com\/wp-content\/uploads\/2024\/03\/IMG_0424-400x284.jpg\" alt=\"Pizzeria Tom&#8217;s Diner\" width=\"400\" height=\"284\" data-ratio=\"0.71\"\/><\/a><\/figure><\/article><!-- DPDFG End Post Item Container --><article id=\"post-3362\" class=\"dp-dfg-item post-3362 post type-post status-publish format-standard has-post-thumbnail hentry category-pizzeria-toms-diner-en dp-dfg-term-id-39 \"     data-position=\"5\"   data-new-tab=\"off\" ><figure class=\"dp-dfg-image entry-thumb\"><a href=\"https:\/\/aubergemandala.com\/en\/pizzeria-toms-diner-33\/\" data-img=\"https:\/\/aubergemandala.com\/wp-content\/uploads\/2024\/03\/IMG_0926-scaled.jpg\" data-title=\"Pizzeria Tom&#8217;s Diner\" class=\"dp-dfg-image-link entry-thumb-lightbox\"><img loading=\"lazy\" decoding=\"async\" src=\"https:\/\/aubergemandala.com\/wp-content\/uploads\/2024\/03\/IMG_0926-400x284.jpg\" alt=\"Pizzeria Tom&#8217;s Diner\" width=\"400\" height=\"284\" data-ratio=\"0.71\"\/><\/a><\/figure><\/article><!-- DPDFG End Post Item Container --><article id=\"post-3363\" class=\"dp-dfg-item post-3363 post type-post status-publish format-standard has-post-thumbnail hentry category-pizzeria-toms-diner-en dp-dfg-term-id-39 \"     data-position=\"6\"   data-new-tab=\"off\" ><figure class=\"dp-dfg-image entry-thumb\"><a href=\"https:\/\/aubergemandala.com\/en\/pizzeria-toms-diner-32\/\" data-img=\"https:\/\/aubergemandala.com\/wp-content\/uploads\/2024\/03\/IMG_1388-scaled.jpg\" data-title=\"Pizzeria Tom&#8217;s Diner\" class=\"dp-dfg-image-link entry-thumb-lightbox\"><img loading=\"lazy\" decoding=\"async\" src=\"https:\/\/aubergemandala.com\/wp-content\/uploads\/2024\/03\/IMG_1388-400x284.jpg\" alt=\"Pizzeria Tom&#8217;s Diner\" width=\"400\" height=\"284\" data-ratio=\"0.71\"\/><\/a><\/figure><\/article><!-- DPDFG End Post Item Container --><article id=\"post-3364\" class=\"dp-dfg-item post-3364 post type-post status-publish format-standard has-post-thumbnail hentry category-pizzeria-toms-diner-en dp-dfg-term-id-39 \"     data-position=\"7\"   data-new-tab=\"off\" ><figure class=\"dp-dfg-image entry-thumb\"><a href=\"https:\/\/aubergemandala.com\/en\/pizzeria-toms-diner-31\/\" data-img=\"https:\/\/aubergemandala.com\/wp-content\/uploads\/2024\/03\/IMG_2125-scaled.jpg\" data-title=\"Pizzeria Tom&#8217;s Diner\" class=\"dp-dfg-image-link entry-thumb-lightbox\"><img loading=\"lazy\" decoding=\"async\" src=\"https:\/\/aubergemandala.com\/wp-content\/uploads\/2024\/03\/IMG_2125-400x284.jpg\" alt=\"Pizzeria Tom&#8217;s Diner\" width=\"400\" height=\"284\" data-ratio=\"0.71\"\/><\/a><\/figure><\/article><!-- DPDFG End Post Item Container --><article id=\"post-3365\" class=\"dp-dfg-item post-3365 post type-post status-publish format-standard has-post-thumbnail hentry category-pizzeria-toms-diner-en dp-dfg-term-id-39 \"     data-position=\"8\"   data-new-tab=\"off\" ><figure class=\"dp-dfg-image entry-thumb\"><a href=\"https:\/\/aubergemandala.com\/en\/pizzeria-toms-diner-30\/\" data-img=\"https:\/\/aubergemandala.com\/wp-content\/uploads\/2024\/03\/IMG_2923-scaled.jpg\" data-title=\"Pizzeria Tom&#8217;s Diner\" class=\"dp-dfg-image-link entry-thumb-lightbox\"><img loading=\"lazy\" decoding=\"async\" src=\"https:\/\/aubergemandala.com\/wp-content\/uploads\/2024\/03\/IMG_2923-400x284.jpg\" alt=\"Pizzeria Tom&#8217;s Diner\" width=\"400\" height=\"284\" data-ratio=\"0.71\"\/><\/a><\/figure><\/article><!-- DPDFG End Post Item Container --><article id=\"post-3366\" class=\"dp-dfg-item post-3366 post type-post status-publish format-standard has-post-thumbnail hentry category-pizzeria-toms-diner-en dp-dfg-term-id-39 \"     data-position=\"9\"   data-new-tab=\"off\" ><figure class=\"dp-dfg-image entry-thumb\"><a href=\"https:\/\/aubergemandala.com\/en\/pizzeria-toms-diner-29\/\" data-img=\"https:\/\/aubergemandala.com\/wp-content\/uploads\/2024\/03\/IMG_2924-scaled.jpg\" data-title=\"Pizzeria Tom&#8217;s Diner\" class=\"dp-dfg-image-link entry-thumb-lightbox\"><img loading=\"lazy\" decoding=\"async\" src=\"https:\/\/aubergemandala.com\/wp-content\/uploads\/2024\/03\/IMG_2924-400x284.jpg\" alt=\"Pizzeria Tom&#8217;s Diner\" width=\"400\" height=\"284\" data-ratio=\"0.71\"\/><\/a><\/figure><\/article><!-- DPDFG End Post Item Container --><article id=\"post-3367\" class=\"dp-dfg-item post-3367 post type-post status-publish format-standard has-post-thumbnail hentry category-pizzeria-toms-diner-en dp-dfg-term-id-39 \"     data-position=\"10\"   data-new-tab=\"off\" ><figure class=\"dp-dfg-image entry-thumb\"><a href=\"https:\/\/aubergemandala.com\/en\/pizzeria-toms-diner-28\/\" data-img=\"https:\/\/aubergemandala.com\/wp-content\/uploads\/2024\/03\/IMG_3364-scaled.jpg\" data-title=\"Pizzeria Tom&#8217;s Diner\" class=\"dp-dfg-image-link entry-thumb-lightbox\"><img loading=\"lazy\" decoding=\"async\" src=\"https:\/\/aubergemandala.com\/wp-content\/uploads\/2024\/03\/IMG_3364-400x284.jpg\" alt=\"Pizzeria Tom&#8217;s Diner\" width=\"400\" height=\"284\" data-ratio=\"0.71\"\/><\/a><\/figure><\/article><!-- DPDFG End Post Item Container --><article id=\"post-3368\" class=\"dp-dfg-item post-3368 post type-post status-publish format-standard has-post-thumbnail hentry category-pizzeria-toms-diner-en dp-dfg-term-id-39 \"     data-position=\"11\"   data-new-tab=\"off\" ><figure class=\"dp-dfg-image entry-thumb\"><a href=\"https:\/\/aubergemandala.com\/en\/pizzeria-toms-diner-27\/\" data-img=\"https:\/\/aubergemandala.com\/wp-content\/uploads\/2024\/03\/IMG_6028-scaled.jpg\" data-title=\"Pizzeria Tom&#8217;s Diner\" class=\"dp-dfg-image-link entry-thumb-lightbox\"><img loading=\"lazy\" decoding=\"async\" src=\"https:\/\/aubergemandala.com\/wp-content\/uploads\/2024\/03\/IMG_6028-400x284.jpg\" alt=\"Pizzeria Tom&#8217;s Diner\" width=\"400\" height=\"284\" data-ratio=\"0.71\"\/><\/a><\/figure><\/article><!-- DPDFG End Post Item Container --><\/div><!-- DPDFG End Posts Items Container --><div class=\"dp-dfg-pagination\" data-base-url=\"\/en\/wp-json\/wp\/v2\/s\/3350\" data-url-args=\"\"><div  class=\"dp-dfg-ajax-scroll active\"><a class=\"dp-dfg-scroll-page-link dp-dfg-hide\" href=\"\/en\/wp-json\/wp\/v2\/s\/3350page\/2\">Next Page<\/a><\/div><\/div><!-- DPDFG End Pagination Container --><\/div><!-- DPDFG End Main Container -->\n\t\t\t\t<\/div>\n\t\t\t<\/div><\/p>\n","protected":false},"author":1,"featured_media":3161,"parent":0,"menu_order":0,"comment_status":"closed","ping_status":"closed","template":"","meta":{"_et_pb_use_builder":"on","_et_pb_old_content":"","_et_gb_content_width":"","_monsterinsights_skip_tracking":false,"_monsterinsights_sitenote_active":false,"_monsterinsights_sitenote_note":"","_monsterinsights_sitenote_category":0,"footnotes":""},"dipi_cpt_category":[],"class_list":["post-3350","page","type-page","status-publish","has-post-thumbnail","hentry"],"yoast_head":"<!-- This site is optimized with the Yoast SEO plugin v27.4 - https:\/\/yoast.com\/product\/yoast-seo-wordpress\/ -->\n<title>PHOTOS || Gite, Bed and Breakfast, Cottage: St-Mathieu du parc<\/title>\n<meta name=\"description\" content=\"Curious to discover our Gites, rooms and chalets. Take a look at our photos to discover our haven of peace in the heart of nature.\" \/>\n<meta name=\"robots\" content=\"index, follow, max-snippet:-1, max-image-preview:large, max-video-preview:-1\" \/>\n<link rel=\"canonical\" href=\"https:\/\/aubergemandala.com\/en\/photos\/\" \/>\n<meta property=\"og:locale\" content=\"en_US\" \/>\n<meta property=\"og:type\" content=\"article\" \/>\n<meta property=\"og:title\" content=\"PHOTOS || Gite, Bed and Breakfast, Cottage: St-Mathieu du parc\" \/>\n<meta property=\"og:description\" content=\"Curious to discover our Gites, rooms and chalets. Take a look at our photos to discover our haven of peace in the heart of nature.\" \/>\n<meta property=\"og:url\" content=\"https:\/\/aubergemandala.com\/en\/photos\/\" \/>\n<meta property=\"og:site_name\" content=\"G\u00eete - Chambres - Chalet St-Mathieu-du-Parc\" \/>\n<meta property=\"article:modified_time\" content=\"2026-02-10T17:13:41+00:00\" \/>\n<meta property=\"og:image\" content=\"https:\/\/aubergemandala.com\/wp-content\/uploads\/2021\/05\/gite.jpg\" \/>\n<meta name=\"twitter:card\" content=\"summary_large_image\" \/>\n<meta name=\"twitter:title\" content=\"PHOTOS || Gite, Bed and Breakfast, Cottage: St-Mathieu du parc\" \/>\n<meta name=\"twitter:description\" content=\"Curious to discover our Gites, rooms and chalets. Take a look at our photos to discover our haven of peace in the heart of nature.\" \/>\n<meta name=\"twitter:image\" content=\"https:\/\/aubergemandala.com\/wp-content\/uploads\/2021\/05\/gite.jpg\" \/>\n<meta name=\"twitter:label1\" content=\"Est. reading time\" \/>\n\t<meta name=\"twitter:data1\" content=\"2 minutes\" \/>\n<script type=\"application\/ld+json\" class=\"yoast-schema-graph\">{\"@context\":\"https:\\\/\\\/schema.org\",\"@graph\":[{\"@type\":\"WebPage\",\"@id\":\"https:\\\/\\\/aubergemandala.com\\\/en\\\/photos\\\/\",\"url\":\"https:\\\/\\\/aubergemandala.com\\\/en\\\/photos\\\/\",\"name\":\"PHOTOS || Gite, Bed and Breakfast, Cottage: St-Mathieu du parc\",\"isPartOf\":{\"@id\":\"https:\\\/\\\/aubergemandala.com\\\/en\\\/#website\"},\"primaryImageOfPage\":{\"@id\":\"https:\\\/\\\/aubergemandala.com\\\/en\\\/photos\\\/#primaryimage\"},\"image\":{\"@id\":\"https:\\\/\\\/aubergemandala.com\\\/en\\\/photos\\\/#primaryimage\"},\"thumbnailUrl\":\"https:\\\/\\\/aubergemandala.com\\\/wp-content\\\/uploads\\\/2023\\\/07\\\/9EE1F89C-C111-477E-AF87-DF9902078928-scaled.jpg\",\"datePublished\":\"2021-05-17T18:55:21+00:00\",\"dateModified\":\"2026-02-10T17:13:41+00:00\",\"description\":\"Curious to discover our Gites, rooms and chalets. Take a look at our photos to discover our haven of peace in the heart of nature.\",\"breadcrumb\":{\"@id\":\"https:\\\/\\\/aubergemandala.com\\\/en\\\/photos\\\/#breadcrumb\"},\"inLanguage\":\"en-US\",\"potentialAction\":[{\"@type\":\"ReadAction\",\"target\":[\"https:\\\/\\\/aubergemandala.com\\\/en\\\/photos\\\/\"]}]},{\"@type\":\"ImageObject\",\"inLanguage\":\"en-US\",\"@id\":\"https:\\\/\\\/aubergemandala.com\\\/en\\\/photos\\\/#primaryimage\",\"url\":\"https:\\\/\\\/aubergemandala.com\\\/wp-content\\\/uploads\\\/2023\\\/07\\\/9EE1F89C-C111-477E-AF87-DF9902078928-scaled.jpg\",\"contentUrl\":\"https:\\\/\\\/aubergemandala.com\\\/wp-content\\\/uploads\\\/2023\\\/07\\\/9EE1F89C-C111-477E-AF87-DF9902078928-scaled.jpg\",\"width\":2880,\"height\":2160},{\"@type\":\"BreadcrumbList\",\"@id\":\"https:\\\/\\\/aubergemandala.com\\\/en\\\/photos\\\/#breadcrumb\",\"itemListElement\":[{\"@type\":\"ListItem\",\"position\":1,\"name\":\"Accueil\",\"item\":\"https:\\\/\\\/aubergemandala.com\\\/en\\\/\"},{\"@type\":\"ListItem\",\"position\":2,\"name\":\"Photos\"}]},{\"@type\":\"WebSite\",\"@id\":\"https:\\\/\\\/aubergemandala.com\\\/en\\\/#website\",\"url\":\"https:\\\/\\\/aubergemandala.com\\\/en\\\/\",\"name\":\"G\u00eete - Chambres - Chalet St-Mathieu-du-Parc\",\"description\":\"H\u00e9bergements pour tous les go\u00fbts\",\"potentialAction\":[{\"@type\":\"SearchAction\",\"target\":{\"@type\":\"EntryPoint\",\"urlTemplate\":\"https:\\\/\\\/aubergemandala.com\\\/en\\\/?s={search_term_string}\"},\"query-input\":{\"@type\":\"PropertyValueSpecification\",\"valueRequired\":true,\"valueName\":\"search_term_string\"}}],\"inLanguage\":\"en-US\"}]}<\/script>\n<!-- \/ Yoast SEO plugin. -->","yoast_head_json":{"title":"PHOTOS || Gite, Bed and Breakfast, Cottage: St-Mathieu du parc","description":"Curious to discover our Gites, rooms and chalets. Take a look at our photos to discover our haven of peace in the heart of nature.","robots":{"index":"index","follow":"follow","max-snippet":"max-snippet:-1","max-image-preview":"max-image-preview:large","max-video-preview":"max-video-preview:-1"},"canonical":"https:\/\/aubergemandala.com\/en\/photos\/","og_locale":"en_US","og_type":"article","og_title":"PHOTOS || Gite, Bed and Breakfast, Cottage: St-Mathieu du parc","og_description":"Curious to discover our Gites, rooms and chalets. Take a look at our photos to discover our haven of peace in the heart of nature.","og_url":"https:\/\/aubergemandala.com\/en\/photos\/","og_site_name":"G\u00eete - Chambres - Chalet St-Mathieu-du-Parc","article_modified_time":"2026-02-10T17:13:41+00:00","og_image":[{"url":"https:\/\/aubergemandala.com\/wp-content\/uploads\/2021\/05\/gite.jpg","type":"","width":"","height":""}],"twitter_card":"summary_large_image","twitter_title":"PHOTOS || Gite, Bed and Breakfast, Cottage: St-Mathieu du parc","twitter_description":"Curious to discover our Gites, rooms and chalets. Take a look at our photos to discover our haven of peace in the heart of nature.","twitter_image":"https:\/\/aubergemandala.com\/wp-content\/uploads\/2021\/05\/gite.jpg","twitter_misc":{"Est. reading time":"2 minutes"},"schema":{"@context":"https:\/\/schema.org","@graph":[{"@type":"WebPage","@id":"https:\/\/aubergemandala.com\/en\/photos\/","url":"https:\/\/aubergemandala.com\/en\/photos\/","name":"PHOTOS || Gite, Bed and Breakfast, Cottage: St-Mathieu du parc","isPartOf":{"@id":"https:\/\/aubergemandala.com\/en\/#website"},"primaryImageOfPage":{"@id":"https:\/\/aubergemandala.com\/en\/photos\/#primaryimage"},"image":{"@id":"https:\/\/aubergemandala.com\/en\/photos\/#primaryimage"},"thumbnailUrl":"https:\/\/aubergemandala.com\/wp-content\/uploads\/2023\/07\/9EE1F89C-C111-477E-AF87-DF9902078928-scaled.jpg","datePublished":"2021-05-17T18:55:21+00:00","dateModified":"2026-02-10T17:13:41+00:00","description":"Curious to discover our Gites, rooms and chalets. Take a look at our photos to discover our haven of peace in the heart of nature.","breadcrumb":{"@id":"https:\/\/aubergemandala.com\/en\/photos\/#breadcrumb"},"inLanguage":"en-US","potentialAction":[{"@type":"ReadAction","target":["https:\/\/aubergemandala.com\/en\/photos\/"]}]},{"@type":"ImageObject","inLanguage":"en-US","@id":"https:\/\/aubergemandala.com\/en\/photos\/#primaryimage","url":"https:\/\/aubergemandala.com\/wp-content\/uploads\/2023\/07\/9EE1F89C-C111-477E-AF87-DF9902078928-scaled.jpg","contentUrl":"https:\/\/aubergemandala.com\/wp-content\/uploads\/2023\/07\/9EE1F89C-C111-477E-AF87-DF9902078928-scaled.jpg","width":2880,"height":2160},{"@type":"BreadcrumbList","@id":"https:\/\/aubergemandala.com\/en\/photos\/#breadcrumb","itemListElement":[{"@type":"ListItem","position":1,"name":"Accueil","item":"https:\/\/aubergemandala.com\/en\/"},{"@type":"ListItem","position":2,"name":"Photos"}]},{"@type":"WebSite","@id":"https:\/\/aubergemandala.com\/en\/#website","url":"https:\/\/aubergemandala.com\/en\/","name":"G\u00eete - Chambres - Chalet St-Mathieu-du-Parc","description":"H\u00e9bergements pour tous les go\u00fbts","potentialAction":[{"@type":"SearchAction","target":{"@type":"EntryPoint","urlTemplate":"https:\/\/aubergemandala.com\/en\/?s={search_term_string}"},"query-input":{"@type":"PropertyValueSpecification","valueRequired":true,"valueName":"search_term_string"}}],"inLanguage":"en-US"}]}},"_links":{"self":[{"href":"https:\/\/aubergemandala.com\/en\/wp-json\/wp\/v2\/pages\/3350","targetHints":{"allow":["GET"]}}],"collection":[{"href":"https:\/\/aubergemandala.com\/en\/wp-json\/wp\/v2\/pages"}],"about":[{"href":"https:\/\/aubergemandala.com\/en\/wp-json\/wp\/v2\/types\/page"}],"author":[{"embeddable":true,"href":"https:\/\/aubergemandala.com\/en\/wp-json\/wp\/v2\/users\/1"}],"replies":[{"embeddable":true,"href":"https:\/\/aubergemandala.com\/en\/wp-json\/wp\/v2\/comments?post=3350"}],"version-history":[{"count":4,"href":"https:\/\/aubergemandala.com\/en\/wp-json\/wp\/v2\/pages\/3350\/revisions"}],"predecessor-version":[{"id":3889,"href":"https:\/\/aubergemandala.com\/en\/wp-json\/wp\/v2\/pages\/3350\/revisions\/3889"}],"wp:featuredmedia":[{"embeddable":true,"href":"https:\/\/aubergemandala.com\/en\/wp-json\/wp\/v2\/media\/3161"}],"wp:attachment":[{"href":"https:\/\/aubergemandala.com\/en\/wp-json\/wp\/v2\/media?parent=3350"}],"wp:term":[{"taxonomy":"dipi_cpt_category","embeddable":true,"href":"https:\/\/aubergemandala.com\/en\/wp-json\/wp\/v2\/dipi_cpt_category?post=3350"}],"curies":[{"name":"wp","href":"https:\/\/api.w.org\/{rel}","templated":true}]}}